{"id":2404,"date":"2018-05-28T10:41:42","date_gmt":"2018-05-28T09:41:42","guid":{"rendered":"http:\/\/vladimirci.org.rs\/web\/?page_id=2404"},"modified":"2026-03-16T14:14:17","modified_gmt":"2026-03-16T13:14:17","slug":"komunalni-inspektor","status":"publish","type":"page","link":"https:\/\/vladimirci.org.rs\/web\/komunalni-inspektor\/","title":{"rendered":"\u041a\u043e\u043c\u0443\u043d\u0430\u043b\u043d\u0438 \u0438\u043d\u0441\u043f\u0435\u043a\u0442\u043e\u0440"},"content":{"rendered":"<h2 style=\"text-align: center;\">\u041a\u041e\u041c\u0423\u041d\u0410\u041b\u041d\u0418 \u0418\u041d\u0421\u041f\u0415\u041a\u0422\u041e\u0420:\u00a0 \u041c\u0418\u041b\u0415\u041d\u041a\u041e \u041c\u0418\u041b\u0418\u041d\u041a\u041e\u0412\u0418\u040b<\/h2>\n<h2 style=\"text-align: center;\">\u0422\u0415\u041b\u0415\u0424\u041e\u041d: 015\/513-141, \u0422\u0415\u041b\/\u0424\u0410\u0425: 015\/513-146<\/h2>\n<p>\u041f\u0440\u0435\u0434\u043b\u043e\u0433 \u0433\u043e\u0434\u0438\u0448\u045a\u0438 \u043f\u043b\u0430\u043d \u0438\u043d\u0441\u043f\u0435\u043a\u0446\u0438\u0458\u0441\u043a\u043e\u0433 \u043d\u0430\u0434\u0437\u043e\u0440\u0430 \u043a\u043e\u043c\u0443\u043d\u0430\u043b\u043d\u0435 \u0438\u043d\u0441\u043f\u0435\u043a\u0446\u0438\u0458\u0435 \u0437\u0430 2026.\u0433\u043e\u0434\u0438\u043d\u0443 <a href=\"https:\/\/vladimirci.org.rs\/web\/wp-content\/uploads\/2026\/03\/\u041f\u0440\u0435\u0434\u043b\u043e\u0433-\u0433\u043e\u0434\u0438\u0448\u045a\u0435\u0433-\u043f\u043b\u0430\u043d\u0430-\u0437\u0430-2026-\u043a\u043e\u043c\u0443\u043d\u0430\u043b\u043d\u0430.pdf\" target=\"_blank\" rel=\"noopener\">\u041f\u0440\u0435\u0443\u0437\u043c\u0438 \u0444\u0430\u0458\u043b<\/a><\/p>\n<p>\u041c\u0438\u0448\u0459\u0435\u045a\u0435 \u043d\u0430 \u043f\u0440\u0435\u0434\u043b\u043e\u0433 \u0433\u043e\u0434\u0438\u0448\u045a\u0435\u0433 \u043f\u043b\u0430\u043d\u0430 \u0438\u043d\u0441\u043f\u0435\u043a\u0446\u0438\u0458\u0441\u043a\u043e\u0433 \u043d\u0430\u0434\u0437\u043e\u0440\u0430 \u0437\u0430 2026. \u0433\u043e\u0434\u0438\u043d\u0443\u00a0<a href=\"https:\/\/vladimirci.org.rs\/web\/wp-content\/uploads\/2026\/03\/\u041c\u0438\u0448\u0459\u0435\u045a\u0435-\u043d\u0430-\u043f\u0440\u0435\u0434\u043b\u043e\u0433-\u0433\u043e\u0434\u0438\u0448\u045a\u0435\u0433-\u043f\u043b\u0430\u043d\u0430-\u043a\u043e\u043c\u0443\u043d\u0430\u043b\u043d\u0430-\u0438\u043d\u0441\u043f\u0435\u043a\u0446\u0438\u0458\u0430-2026.pdf\" target=\"_blank\" rel=\"noopener\">\u041f\u0440\u0435\u0443\u0437\u043c\u0438 \u0444\u0430\u0458\u043b<\/a><\/p>\n<p class=\"post entry-title\"><span style=\"font-size: 12pt;\">\u041c\u0438\u0448\u0459\u0435\u045a\u0435 \u043d\u0430 \u0438\u0437\u0432\u0435\u0448\u0442\u0430\u0458 \u043e \u0440\u0430\u0434\u0443 \u043a\u043e\u043c\u0443\u043d\u0430\u043b\u043d\u0435 \u0438\u043d\u0441\u043f\u0435\u043a\u0446\u0438\u0458\u0435 \u0437\u0430 2024. \u0433\u043e\u0434\u0438\u043d\u0443\u00a0<a href=\"https:\/\/vladimirci.org.rs\/web\/wp-content\/uploads\/2026\/03\/\u041c\u0438\u0448\u0459\u0435\u045a\u0435-\u043e-\u0438\u0437\u0432\u0435\u0448\u0442\u0430\u0458-\u043e-\u0440\u0430\u0434\u0443-\u0437\u0430-2024-\u043a\u043e\u043c\u0443\u043d\u0430\u043b\u043d\u0430-\u0438\u043d\u0441\u043f\u0435\u043a\u0446\u0438\u0458\u0430.pdf\" target=\"_blank\" rel=\"noopener\">\u041f\u0440\u0435\u0443\u0437\u043c\u0438 \u0444\u0430\u0458\u043b<\/a><\/span><\/p>\n<p>\u0413\u043e\u0434\u0438\u0448\u045a\u0438 \u0438\u0437\u0432\u0435\u0448\u0442\u0430\u0458 \u043e \u0440\u0430\u0434\u0443 \u043e\u043f\u0448\u0442\u0438\u043d\u0441\u043a\u0435 \u043a\u043e\u043c\u0443\u043d\u0430\u043b\u043d\u0435 \u0438\u043d\u0441\u043f\u0435\u043a\u0446\u0438\u0458\u0435 \u043e\u043f\u0448\u0442\u0438\u043d\u0441\u043a\u0435 \u0443\u043f\u0440\u0430\u0432\u0435 \u043e\u043f\u0448\u0442\u0438\u043d\u0435 \u0412\u043b\u0430\u0434\u0438\u043c\u0438\u0440\u0446\u0438 \u0437\u0430 2024. \u0433\u043e\u0434\u0438\u043d\u0443\u00a0<a href=\"https:\/\/vladimirci.org.rs\/web\/wp-content\/uploads\/2026\/03\/\u0418\u0437\u0432\u0435\u0448\u0442\u0430\u0458-\u043e-\u0440\u0430\u0434\u0443-\u0437\u0430-2024-\u043a\u043e\u043c\u0443\u043d\u0430\u043b\u043d\u0430.pdf\" target=\"_blank\" rel=\"noopener\">\u041f\u0440\u0435\u0443\u0437\u043c\u0438 \u0444\u0430\u0458\u043b<\/a><\/p>\n<p>\u0413\u043e\u0434\u0438\u0448\u045a\u0438 \u0438\u0437\u0432\u0435\u0448\u0442\u0430\u0458 \u043e \u0440\u0430\u0434\u0443 \u043e\u043f\u0448\u0442\u0438\u043d\u0441\u043a\u0435 \u043a\u043e\u043c\u0443\u043d\u0430\u043b\u043d\u0435 \u0438\u043d\u0441\u043f\u0435\u043a\u0446\u0438\u0458\u0435 \u043e\u043f\u0448\u0442\u0438\u043d\u0441\u043a\u0435 \u0443\u043f\u0440\u0430\u0432\u0435 \u043e\u043f\u0448\u0442\u0438\u043d\u0435 \u0412\u043b\u0430\u0434\u0438\u043c\u0438\u0440\u0446\u0438 \u0437\u0430 2022 \u0433\u043e\u0434\u0438\u043d\u0443. &#8211; <a href=\"https:\/\/vladimirci.org.rs\/web\/wp-content\/uploads\/2023\/05\/Godisnji-izvesta-o-radu-opstinske-komunalne-inspekcije-opstinske-uprave-opstine-vladimirci-za-2022.pdf\">\u041f\u0440\u0435\u0443\u0437\u043c\u0438 \u0444\u0430\u0458\u043b<\/a><\/p>\n<p>\u0413\u043e\u0434\u0438\u0448\u045a\u0438 \u043f\u043b\u0430\u043d \u0438\u043d\u0441\u043f\u0435\u043a\u0446\u0438\u0458\u0441\u043a\u043e\u0433 \u043d\u0430\u0434\u0437\u043e\u0440\u0430 \u043a\u043e\u043c\u0443\u043d\u0430\u043b\u043d\u0435 \u0438\u043d\u0441\u043f\u0435\u043a\u0446\u0438\u0458\u0435 \u0437\u0430 2023. \u0433\u043e\u0434\u0438\u043d\u0443-\u00a0 <a href=\"https:\/\/vladimirci.org.rs\/web\/wp-content\/uploads\/2023\/05\/Plan-rada-za-2023.-godinu-komunalna-inspekcija.pdf\">\u041f\u0440\u0435\u0443\u0437\u043c\u0438 \u0444\u0430\u0458\u043b<\/a><\/p>\n<p>&nbsp;<\/p>\n<h3 style=\"text-align: center;\">\u0414\u041e\u041a\u0423\u041c\u0415\u041d\u0422\u0410 \u0417\u0410 \u041f\u0420\u0415\u0423\u0417\u0418\u041c\u0410\u040a\u0415:<\/h3>\n<p>\u041a\u041e\u041d\u0422\u0420\u041e\u041b\u041d\u0410 \u041b\u0418\u0421\u0422\u0410 \u0411\u0420. 1 \u041f\u0418\u0408\u0410\u0426\u0415 \u0423\u041f\u0420\u0410\u0412\u0409\u0410\u040a\u0415 &#8211; <a href=\"https:\/\/vladimirci.org.rs\/web\/wp-content\/uploads\/2018\/05\/Kontrolna-lista-br.-1-Upravljanje.docx\" target=\"_blank\" rel=\"noopener noreferrer\">\u041f\u0440\u0435\u0443\u0437\u043c\u0438 \u0444\u0430\u0458\u043b<\/a><\/p>\n<p>\u041a\u041e\u041d\u0422\u0420\u041e\u041b\u041d\u0410 \u041b\u0418\u0421\u0422\u0410 \u0411\u0420. 1 \u041e\u0414\u0420\u0416\u0410\u0412\u0410\u040a\u0415 \u0427\u0418\u0421\u0422\u041e\u040b\u0415 \u041e\u0411\u0415\u0417\u0411\u0415\u0402\u0418\u0412\u0410\u040a\u0415 \u041a\u041e\u041d\u0422\u0418\u041d\u0423\u0418\u0422\u0415\u0422\u0410 \u0417\u0410 \u041f\u0420\u0415\u0414\u0423\u0417\u0415\u040b\u0415\/\u041f\u0420\u0415\u0414\u0423\u0417\u0415\u0422\u041d\u0418\u041a\u0410\u00a0 &#8211; <a href=\"https:\/\/vladimirci.org.rs\/web\/wp-content\/uploads\/2018\/05\/Kontrolna-lista-br.1-Obezbe\u0111ivanje-kontinuiteta-za-preduze\u0107e-preduzetnika.docx\" target=\"_blank\" rel=\"noopener noreferrer\">\u041f\u0440\u0435\u0443\u0437\u043c\u0438 \u0444\u0430\u0458\u043b<\/a><\/p>\n<p>\u041a\u041e\u041d\u0422\u0420\u041e\u041b\u041d\u0410 \u041b\u0418\u0421\u0422\u0410 \u0411\u0420. 2 \u041e\u0414\u0420\u0416\u0410\u0412\u0410\u040a\u0415 \u0427\u0418\u0421\u0422\u041e\u040b\u0415 \u041a\u0423\u040b\u041d\u041e \u0421\u041c\u0415\u040b\u0415 \u0417\u0410 \u041f\u0420\u0415\u0414\u0423\u0417\u0415\u040b\u0415\/\u041f\u0420\u0415\u0414\u0423\u0417\u0415\u0422\u041d\u0418\u041a\u0410 &#8211; <a href=\"https:\/\/vladimirci.org.rs\/web\/wp-content\/uploads\/2018\/05\/Kontrolna-lista-br.2-Ku\u0107no-sme\u0107e-za-preduze\u0107e-preduzetnika.docx\" target=\"_blank\" rel=\"noopener noreferrer\">\u041f\u0440\u0435\u0443\u0437\u043c\u0438 \u0444\u0430\u0458\u043b<\/a><\/p>\n","protected":false},"excerpt":{"rendered":"<p>&#1050;&#1054;&#1052;&#1059;&#1053;&#1040;&#1051;&#1053;&#1048; &#1048;&#1053;&#1057;&#1055;&#1045;&#1050;&#1058;&#1054;&#1056;:&nbsp; &#1052;&#1048;&#1051;&#1045;&#1053;&#1050;&#1054; &#1052;&#1048;&#1051;&#1048;&#1053;&#1050;&#1054;&#1042;&#1048;&#1035; &#1058;&#1045;&#1051;&#1045;&#1060;&#1054;&#1053;: 015\/513-141, &#1058;&#1045;&#1051;\/&#1060;&#1040;&#1061;: 015\/513-146 &#1055;&#1088;&#1077;&#1076;&#1083;&#1086;&#1075; &#1075;&#1086;&#1076;&#1080;&#1096;&#1114;&#1080; &#1087;&#1083;&#1072;&#1085; &#1080;&#1085;&#1089;&#1087;&#1077;&#1082;&#1094;&#1080;&#1112;&#1089;&#1082;&#1086;&#1075; &#1085;&#1072;&#1076;&#1079;&#1086;&#1088;&#1072; &#1082;&#1086;&#1084;&#1091;&#1085;&#1072;&#1083;&#1085;&#1077; &#1080;&#1085;&#1089;&#1087;&#1077;&#1082;&#1094;&#1080;&#1112;&#1077; &#1079;&#1072; 2026.&#1075;&#1086;&#1076;&#1080;&#1085;&#1091; &#1055;&#1088;&#1077;&#1091;&#1079;&#1084;&#1080; &#1092;&#1072;&#1112;&#1083; &#1052;&#1080;&#1096;&#1113;&#1077;&#1114;&#1077; &#1085;&#1072; &#1087;&#1088;&#1077;&#1076;&#1083;&#1086;&#1075; &#1075;&#1086;&#1076;&#1080;&#1096;&#1114;&#1077;&#1075; &#1087;&#1083;&#1072;&#1085;&#1072; &#1080;&#1085;&#1089;&#1087;&#1077;&#1082;&#1094;&#1080;&#1112;&#1089;&#1082;&#1086;&#1075; &#1085;&#1072;&#1076;&#1079;&#1086;&#1088;&#1072; &#1079;&#1072; 2026. &#1075;&#1086;&#1076;&#1080;&#1085;&#1091;&nbsp;&#1055;&#1088;&#1077;&#1091;&#1079;&#1084;&#1080; &#1092;&#1072;&#1112;&#1083; &#1052;&#1080;&#1096;&#1113;&#1077;&#1114;&#1077; &#1085;&#1072; &#1080;&#1079;&#1074;&#1077;&#1096;&#1090;&#1072;&#1112; &#1086; &#1088;&#1072;&#1076;&#1091; &#1082;&#1086;&#1084;&#1091;&#1085;&#1072;&#1083;&#1085;&#1077; &#1080;&#1085;&#1089;&#1087;&#1077;&#1082;&#1094;&#1080;&#1112;&#1077; &#1079;&#1072; 2024. &#1075;&#1086;&#1076;&#1080;&#1085;&#1091;&nbsp;&#1055;&#1088;&#1077;&#1091;&#1079;&#1084;&#1080; &#1092;&#1072;&#1112;&#1083; &#1043;&#1086;&#1076;&#1080;&#1096;&#1114;&#1080; &#1080;&#1079;&#1074;&#1077;&#1096;&#1090;&#1072;&#1112; &#1086; &#1088;&#1072;&#1076;&#1091; &#1086;&#1087;&#1096;&#1090;&#1080;&#1085;&#1089;&#1082;&#1077; &#1082;&#1086;&#1084;&#1091;&#1085;&#1072;&#1083;&#1085;&#1077; &#1080;&#1085;&#1089;&#1087;&#1077;&#1082;&#1094;&#1080;&#1112;&#1077; &#1086;&#1087;&#1096;&#1090;&#1080;&#1085;&#1089;&#1082;&#1077; &#1091;&#1087;&#1088;&#1072;&#1074;&#1077; &#1086;&#1087;&#1096;&#1090;&#1080;&#1085;&#1077; &#1042;&#1083;&#1072;&#1076;&#1080;&#1084;&#1080;&#1088;&#1094;&#1080; &#1079;&#1072; 2024. &#1075;&#1086;&#1076;&#1080;&#1085;&#1091;&nbsp;&#1055;&#1088;&#1077;&#1091;&#1079;&#1084;&#1080; &hellip;<\/p>\n","protected":false},"author":3,"featured_media":0,"parent":0,"menu_order":0,"comment_status":"closed","ping_status":"closed","template":"","meta":{"footnotes":""},"_links":{"self":[{"href":"https:\/\/vladimirci.org.rs\/web\/wp-json\/wp\/v2\/pages\/2404"}],"collection":[{"href":"https:\/\/vladimirci.org.rs\/web\/wp-json\/wp\/v2\/pages"}],"about":[{"href":"https:\/\/vladimirci.org.rs\/web\/wp-json\/wp\/v2\/types\/page"}],"author":[{"embeddable":true,"href":"https:\/\/vladimirci.org.rs\/web\/wp-json\/wp\/v2\/users\/3"}],"replies":[{"embeddable":true,"href":"https:\/\/vladimirci.org.rs\/web\/wp-json\/wp\/v2\/comments?post=2404"}],"version-history":[{"count":14,"href":"https:\/\/vladimirci.org.rs\/web\/wp-json\/wp\/v2\/pages\/2404\/revisions"}],"predecessor-version":[{"id":14086,"href":"https:\/\/vladimirci.org.rs\/web\/wp-json\/wp\/v2\/pages\/2404\/revisions\/14086"}],"wp:attachment":[{"href":"https:\/\/vladimirci.org.rs\/web\/wp-json\/wp\/v2\/media?parent=2404"}],"curies":[{"name":"wp","href":"https:\/\/api.w.org\/{rel}","templated":true}]}}